{"id":2726,"date":"2024-08-08T14:21:37","date_gmt":"2024-08-08T14:21:37","guid":{"rendered":"https:\/\/zhidafiberoptic.com\/?post_type=product&#038;p=2726"},"modified":"2024-08-08T14:21:37","modified_gmt":"2024-08-08T14:21:37","slug":"micro-plc-splitter-250um-1xn","status":"publish","type":"product","link":"https:\/\/zhidafiberoptic.com\/index.php\/product\/micro-plc-splitter-250um-1xn\/","title":{"rendered":"Micro PLC Splitter 250um 1xN"},"content":{"rendered":"<p>Product Description<\/p>\n<p>The single-mode Planar Lightwave Circuit (PLC) splitter is designed with advanced silica waveguide technology and features precision-aligned fiber pigtails in a compact package.<\/p>\n<p>This micro PLC splitter provides a cost-effective solution for light distribution with a small form factor and high reliability. It delivers exceptional performance with low insertion loss, low polarization dependent loss (PDL), high return loss, and excellent uniformity over a wide wavelength range from 1260nm to 1620nm, while operating efficiently in temperatures from -40\u00baC to +85\u00baC.<\/p>\n<p>Available in standard configurations of 1\u00d72, 1\u00d74, 1\u00d78, 1\u00d716, and 1\u00d732, it can also be customized to 2\u00d716, 2\u00d732, and other specifications.<\/p>\n<p>&nbsp;<\/p>\n<p>Features<\/p>\n<p>Low insertion loss and low PDL<\/p>\n<p>Wide operating wavelength range<\/p>\n<p>Compact design<\/p>\n<p>High reliability<\/p>\n<p>High channel count<\/p>\n<p>Wide operating temperature range<\/p>\n<p>Custom packaging and configuration<\/p>\n<p>&nbsp;<\/p>\n<p>Applications<\/p>\n<p>FTTX systems<\/p>\n<p>LAN, WAN and metro networks<\/p>\n<p>CATV networks<\/p>\n<p>Analog\/Digital Passive Optical Networks<\/p>\n<p>Other Fiber Optic Applications<\/p>\n<p>&nbsp;<\/p>\n<p>Specification<\/p>\n<table>\n<tbody>\n<tr>\n<td width=\"238\">Parameter<\/td>\n<td width=\"84\">1&#215;2<\/td>\n<td width=\"85\">1&#215;3<\/td>\n<td width=\"84\">1&#215;4<\/td>\n<td width=\"80\">1&#215;6<\/td>\n<td width=\"82\">1&#215;8<\/td>\n<td width=\"83\">1&#215;12<\/td>\n<td width=\"83\">1&#215;16<\/td>\n<td width=\"84\">1&#215;24<\/td>\n<td width=\"86\">1&#215;32<\/td>\n<\/tr>\n<tr>\n<td width=\"238\">Insertion loss(dB)<\/td>\n<td width=\"84\">3.9<\/td>\n<td width=\"85\">6.1<\/td>\n<td width=\"84\">7.2<\/td>\n<td width=\"80\">9<\/td>\n<td width=\"82\">10.2<\/td>\n<td width=\"83\">12.5<\/td>\n<td width=\"83\">13.5<\/td>\n<td width=\"84\">15.5<\/td>\n<td width=\"86\">16.8<\/td>\n<\/tr>\n<tr>\n<td width=\"238\">Uniformity(dB)<\/td>\n<td width=\"84\">\u22640.4<\/td>\n<td width=\"85\">\u22640.4<\/td>\n<td width=\"84\">\u22640.4<\/td>\n<td width=\"80\">\u22640.4<\/td>\n<td width=\"82\">\u22640.4<\/td>\n<td width=\"83\">\u22640.4<\/td>\n<td width=\"83\">\u22640.4<\/td>\n<td width=\"84\">\u22640.4<\/td>\n<td width=\"86\">\u22640.4<\/td>\n<\/tr>\n<tr>\n<td width=\"238\">Polarization-Independent Loss(dB)<\/td>\n<td width=\"84\">\u22640.25<\/td>\n<td width=\"85\">\u22640.25<\/td>\n<td width=\"84\">\u22640.25<\/td>\n<td width=\"80\">\u22640.25<\/td>\n<td width=\"82\">\u22640.25<\/td>\n<td width=\"83\">\u22640.25<\/td>\n<td width=\"83\">\u22640.25<\/td>\n<td width=\"84\">\u22640.25<\/td>\n<td width=\"86\">\u22640.25<\/td>\n<\/tr>\n<\/tbody>\n<\/table>\n","protected":false},"excerpt":{"rendered":"<p>Product Description The single-mode Planar Lightwave Circuit (PLC) splitter is designed with advanced silica waveguide technology and features precision-aligned fiber pigtails in a compact package. This micro PLC splitter provides a cost-effective solution for light distribution with a small form factor and high reliability. It delivers exceptional performance with low insertion loss, low polarization dependent [&hellip;]<\/p>\n","protected":false},"featured_media":2728,"comment_status":"closed","ping_status":"closed","template":"","meta":{"site-sidebar-layout":"default","site-content-layout":"","ast-site-content-layout":"default","site-content-style":"default","site-sidebar-style":"default","ast-global-header-display":"","ast-banner-title-visibility":"","ast-main-header-display":"","ast-hfb-above-header-display":"","ast-hfb-below-header-display":"","ast-hfb-mobile-header-display":"","site-post-title":"","ast-breadcrumbs-content":"","ast-featured-img":"","footer-sml-layout":"","ast-disable-related-posts":"","theme-transparent-header-meta":"default","adv-header-id-meta":"","stick-header-meta":"","header-above-stick-meta":"","header-main-stick-meta":"","header-below-stick-meta":"","astra-migrate-meta-layouts":"set","ast-page-background-enabled":"default","ast-page-background-meta":{"desktop":{"background-color":"var(--ast-global-color-5)","background-image":"","background-repeat":"repeat","background-position":"center center","background-size":"auto","background-attachment":"scroll","background-type":"","background-media":"","overlay-type":"","overlay-color":"","overlay-opacity":"","overlay-gradient":""},"tablet":{"background-color":"","background-image":"","background-repeat":"repeat","background-position":"center center","background-size":"auto","background-attachment":"scroll","background-type":"","background-media":"","overlay-type":"","overlay-color":"","overlay-opacity":"","overlay-gradient":""},"mobile":{"background-color":"","background-image":"","background-repeat":"repeat","background-position":"center center","background-size":"auto","background-attachment":"scroll","background-type":"","background-media":"","overlay-type":"","overlay-color":"","overlay-opacity":"","overlay-gradient":""}},"ast-content-background-meta":{"desktop":{"background-color":"var(--ast-global-color-4)","background-image":"","background-repeat":"repeat","background-position":"center center","background-size":"auto","background-attachment":"scroll","background-type":"","background-media":"","overlay-type":"","overlay-color":"","overlay-opacity":"","overlay-gradient":""},"tablet":{"background-color":"var(--ast-global-color-4)","background-image":"","background-repeat":"repeat","background-position":"center center","background-size":"auto","background-attachment":"scroll","background-type":"","background-media":"","overlay-type":"","overlay-color":"","overlay-opacity":"","overlay-gradient":""},"mobile":{"background-color":"var(--ast-global-color-4)","background-image":"","background-repeat":"repeat","background-position":"center center","background-size":"auto","background-attachment":"scroll","background-type":"","background-media":"","overlay-type":"","overlay-color":"","overlay-opacity":"","overlay-gradient":""}}},"product_cat":[53],"product_tag":[],"yoast_head":"<!-- This site is optimized with the Yoast SEO plugin v23.0 - https:\/\/yoast.com\/wordpress\/plugins\/seo\/ -->\n<title>Micro PLC Splitter 250um 1xN - Zhida Fiber Optic<\/title>\n<meta name=\"description\" content=\"This micro PLC splitter provides a cost-effective solution for light distribution with a small form factor and high reliability.\" \/>\n<meta name=\"robots\" content=\"index, follow, max-snippet:-1, max-image-preview:large, max-video-preview:-1\" \/>\n<link rel=\"canonical\" href=\"https:\/\/zhidafiberoptic.com\/index.php\/product\/micro-plc-splitter-250um-1xn\/\" \/>\n<meta property=\"og:locale\" content=\"en_US\" \/>\n<meta property=\"og:type\" content=\"article\" \/>\n<meta property=\"og:title\" content=\"Micro PLC Splitter 250um 1xN - Zhida Fiber Optic\" \/>\n<meta property=\"og:description\" content=\"This micro PLC splitter provides a cost-effective solution for light distribution with a small form factor and high reliability.\" \/>\n<meta property=\"og:url\" content=\"https:\/\/zhidafiberoptic.com\/index.php\/product\/micro-plc-splitter-250um-1xn\/\" \/>\n<meta property=\"og:site_name\" content=\"Zhida Fiber Optic\" \/>\n<meta property=\"og:image\" content=\"http:\/\/zhidafiberoptic.com\/wp-content\/uploads\/2024\/08\/Micro-PLC-Splitter-250um-1xN-02.png\" \/>\n\t<meta property=\"og:image:width\" content=\"550\" \/>\n\t<meta property=\"og:image:height\" content=\"550\" \/>\n\t<meta property=\"og:image:type\" content=\"image\/png\" \/>\n<meta name=\"twitter:card\" content=\"summary_large_image\" \/>\n<meta name=\"twitter:label1\" content=\"Est. reading time\" \/>\n\t<meta name=\"twitter:data1\" content=\"2 minutes\" \/>\n<script type=\"application\/ld+json\" class=\"yoast-schema-graph\">{\"@context\":\"https:\/\/schema.org\",\"@graph\":[{\"@type\":\"WebPage\",\"@id\":\"https:\/\/zhidafiberoptic.com\/index.php\/product\/micro-plc-splitter-250um-1xn\/\",\"url\":\"https:\/\/zhidafiberoptic.com\/index.php\/product\/micro-plc-splitter-250um-1xn\/\",\"name\":\"Micro PLC Splitter 250um 1xN - Zhida Fiber Optic\",\"isPartOf\":{\"@id\":\"https:\/\/zhidafiberoptic.com\/#website\"},\"primaryImageOfPage\":{\"@id\":\"https:\/\/zhidafiberoptic.com\/index.php\/product\/micro-plc-splitter-250um-1xn\/#primaryimage\"},\"image\":{\"@id\":\"https:\/\/zhidafiberoptic.com\/index.php\/product\/micro-plc-splitter-250um-1xn\/#primaryimage\"},\"thumbnailUrl\":\"https:\/\/zhidafiberoptic.com\/wp-content\/uploads\/2024\/08\/Micro-PLC-Splitter-250um-1xN-02.png\",\"datePublished\":\"2024-08-08T14:21:37+00:00\",\"dateModified\":\"2024-08-08T14:21:37+00:00\",\"description\":\"This micro PLC splitter provides a cost-effective solution for light distribution with a small form factor and high reliability.\",\"breadcrumb\":{\"@id\":\"https:\/\/zhidafiberoptic.com\/index.php\/product\/micro-plc-splitter-250um-1xn\/#breadcrumb\"},\"inLanguage\":\"en-US\",\"potentialAction\":[{\"@type\":\"ReadAction\",\"target\":[\"https:\/\/zhidafiberoptic.com\/index.php\/product\/micro-plc-splitter-250um-1xn\/\"]}]},{\"@type\":\"ImageObject\",\"inLanguage\":\"en-US\",\"@id\":\"https:\/\/zhidafiberoptic.com\/index.php\/product\/micro-plc-splitter-250um-1xn\/#primaryimage\",\"url\":\"https:\/\/zhidafiberoptic.com\/wp-content\/uploads\/2024\/08\/Micro-PLC-Splitter-250um-1xN-02.png\",\"contentUrl\":\"https:\/\/zhidafiberoptic.com\/wp-content\/uploads\/2024\/08\/Micro-PLC-Splitter-250um-1xN-02.png\",\"width\":550,\"height\":550},{\"@type\":\"BreadcrumbList\",\"@id\":\"https:\/\/zhidafiberoptic.com\/index.php\/product\/micro-plc-splitter-250um-1xn\/#breadcrumb\",\"itemListElement\":[{\"@type\":\"ListItem\",\"position\":1,\"name\":\"\u9996\u9875\",\"item\":\"https:\/\/zhidafiberoptic.com\/\"},{\"@type\":\"ListItem\",\"position\":2,\"name\":\"Shop\",\"item\":\"https:\/\/zhidafiberoptic.com\/index.php\/shop\/\"},{\"@type\":\"ListItem\",\"position\":3,\"name\":\"Micro PLC Splitter 250um 1xN\"}]},{\"@type\":\"WebSite\",\"@id\":\"https:\/\/zhidafiberoptic.com\/#website\",\"url\":\"https:\/\/zhidafiberoptic.com\/\",\"name\":\"Zhida Fiber Optic\",\"description\":\"Where Fiber Optic Meet Trust.\",\"publisher\":{\"@id\":\"https:\/\/zhidafiberoptic.com\/#organization\"},\"potentialAction\":[{\"@type\":\"SearchAction\",\"target\":{\"@type\":\"EntryPoint\",\"urlTemplate\":\"https:\/\/zhidafiberoptic.com\/?s={search_term_string}\"},\"query-input\":\"required name=search_term_string\"}],\"inLanguage\":\"en-US\"},{\"@type\":\"Organization\",\"@id\":\"https:\/\/zhidafiberoptic.com\/#organization\",\"name\":\"Zhida Fiber Optic\",\"url\":\"https:\/\/zhidafiberoptic.com\/\",\"logo\":{\"@type\":\"ImageObject\",\"inLanguage\":\"en-US\",\"@id\":\"https:\/\/zhidafiberoptic.com\/#\/schema\/logo\/image\/\",\"url\":\"https:\/\/zhidafiberoptic.com\/wp-content\/uploads\/2024\/03\/cropped-cropped-12.12-1.png\",\"contentUrl\":\"https:\/\/zhidafiberoptic.com\/wp-content\/uploads\/2024\/03\/cropped-cropped-12.12-1.png\",\"width\":512,\"height\":512,\"caption\":\"Zhida Fiber Optic\"},\"image\":{\"@id\":\"https:\/\/zhidafiberoptic.com\/#\/schema\/logo\/image\/\"}}]}<\/script>\n<!-- \/ Yoast SEO plugin. -->","yoast_head_json":{"title":"Micro PLC Splitter 250um 1xN - Zhida Fiber Optic","description":"This micro PLC splitter provides a cost-effective solution for light distribution with a small form factor and high reliability.","robots":{"index":"index","follow":"follow","max-snippet":"max-snippet:-1","max-image-preview":"max-image-preview:large","max-video-preview":"max-video-preview:-1"},"canonical":"https:\/\/zhidafiberoptic.com\/index.php\/product\/micro-plc-splitter-250um-1xn\/","og_locale":"en_US","og_type":"article","og_title":"Micro PLC Splitter 250um 1xN - Zhida Fiber Optic","og_description":"This micro PLC splitter provides a cost-effective solution for light distribution with a small form factor and high reliability.","og_url":"https:\/\/zhidafiberoptic.com\/index.php\/product\/micro-plc-splitter-250um-1xn\/","og_site_name":"Zhida Fiber Optic","og_image":[{"width":550,"height":550,"url":"http:\/\/zhidafiberoptic.com\/wp-content\/uploads\/2024\/08\/Micro-PLC-Splitter-250um-1xN-02.png","type":"image\/png"}],"twitter_card":"summary_large_image","twitter_misc":{"Est. reading time":"2 minutes"},"schema":{"@context":"https:\/\/schema.org","@graph":[{"@type":"WebPage","@id":"https:\/\/zhidafiberoptic.com\/index.php\/product\/micro-plc-splitter-250um-1xn\/","url":"https:\/\/zhidafiberoptic.com\/index.php\/product\/micro-plc-splitter-250um-1xn\/","name":"Micro PLC Splitter 250um 1xN - Zhida Fiber Optic","isPartOf":{"@id":"https:\/\/zhidafiberoptic.com\/#website"},"primaryImageOfPage":{"@id":"https:\/\/zhidafiberoptic.com\/index.php\/product\/micro-plc-splitter-250um-1xn\/#primaryimage"},"image":{"@id":"https:\/\/zhidafiberoptic.com\/index.php\/product\/micro-plc-splitter-250um-1xn\/#primaryimage"},"thumbnailUrl":"https:\/\/zhidafiberoptic.com\/wp-content\/uploads\/2024\/08\/Micro-PLC-Splitter-250um-1xN-02.png","datePublished":"2024-08-08T14:21:37+00:00","dateModified":"2024-08-08T14:21:37+00:00","description":"This micro PLC splitter provides a cost-effective solution for light distribution with a small form factor and high reliability.","breadcrumb":{"@id":"https:\/\/zhidafiberoptic.com\/index.php\/product\/micro-plc-splitter-250um-1xn\/#breadcrumb"},"inLanguage":"en-US","potentialAction":[{"@type":"ReadAction","target":["https:\/\/zhidafiberoptic.com\/index.php\/product\/micro-plc-splitter-250um-1xn\/"]}]},{"@type":"ImageObject","inLanguage":"en-US","@id":"https:\/\/zhidafiberoptic.com\/index.php\/product\/micro-plc-splitter-250um-1xn\/#primaryimage","url":"https:\/\/zhidafiberoptic.com\/wp-content\/uploads\/2024\/08\/Micro-PLC-Splitter-250um-1xN-02.png","contentUrl":"https:\/\/zhidafiberoptic.com\/wp-content\/uploads\/2024\/08\/Micro-PLC-Splitter-250um-1xN-02.png","width":550,"height":550},{"@type":"BreadcrumbList","@id":"https:\/\/zhidafiberoptic.com\/index.php\/product\/micro-plc-splitter-250um-1xn\/#breadcrumb","itemListElement":[{"@type":"ListItem","position":1,"name":"\u9996\u9875","item":"https:\/\/zhidafiberoptic.com\/"},{"@type":"ListItem","position":2,"name":"Shop","item":"https:\/\/zhidafiberoptic.com\/index.php\/shop\/"},{"@type":"ListItem","position":3,"name":"Micro PLC Splitter 250um 1xN"}]},{"@type":"WebSite","@id":"https:\/\/zhidafiberoptic.com\/#website","url":"https:\/\/zhidafiberoptic.com\/","name":"Zhida Fiber Optic","description":"Where Fiber Optic Meet Trust.","publisher":{"@id":"https:\/\/zhidafiberoptic.com\/#organization"},"potentialAction":[{"@type":"SearchAction","target":{"@type":"EntryPoint","urlTemplate":"https:\/\/zhidafiberoptic.com\/?s={search_term_string}"},"query-input":"required name=search_term_string"}],"inLanguage":"en-US"},{"@type":"Organization","@id":"https:\/\/zhidafiberoptic.com\/#organization","name":"Zhida Fiber Optic","url":"https:\/\/zhidafiberoptic.com\/","logo":{"@type":"ImageObject","inLanguage":"en-US","@id":"https:\/\/zhidafiberoptic.com\/#\/schema\/logo\/image\/","url":"https:\/\/zhidafiberoptic.com\/wp-content\/uploads\/2024\/03\/cropped-cropped-12.12-1.png","contentUrl":"https:\/\/zhidafiberoptic.com\/wp-content\/uploads\/2024\/03\/cropped-cropped-12.12-1.png","width":512,"height":512,"caption":"Zhida Fiber Optic"},"image":{"@id":"https:\/\/zhidafiberoptic.com\/#\/schema\/logo\/image\/"}}]}},"_links":{"self":[{"href":"https:\/\/zhidafiberoptic.com\/index.php\/wp-json\/wp\/v2\/product\/2726"}],"collection":[{"href":"https:\/\/zhidafiberoptic.com\/index.php\/wp-json\/wp\/v2\/product"}],"about":[{"href":"https:\/\/zhidafiberoptic.com\/index.php\/wp-json\/wp\/v2\/types\/product"}],"replies":[{"embeddable":true,"href":"https:\/\/zhidafiberoptic.com\/index.php\/wp-json\/wp\/v2\/comments?post=2726"}],"wp:featuredmedia":[{"embeddable":true,"href":"https:\/\/zhidafiberoptic.com\/index.php\/wp-json\/wp\/v2\/media\/2728"}],"wp:attachment":[{"href":"https:\/\/zhidafiberoptic.com\/index.php\/wp-json\/wp\/v2\/media?parent=2726"}],"wp:term":[{"taxonomy":"product_cat","embeddable":true,"href":"https:\/\/zhidafiberoptic.com\/index.php\/wp-json\/wp\/v2\/product_cat?post=2726"},{"taxonomy":"product_tag","embeddable":true,"href":"https:\/\/zhidafiberoptic.com\/index.php\/wp-json\/wp\/v2\/product_tag?post=2726"}],"curies":[{"name":"wp","href":"https:\/\/api.w.org\/{rel}","templated":true}]}}